{"id":153,"date":"2024-09-15T16:16:47","date_gmt":"2024-09-15T16:16:47","guid":{"rendered":"https:\/\/contratatusector.com\/?page_id=153"},"modified":"2024-09-15T16:59:46","modified_gmt":"2024-09-15T16:59:46","slug":"quienes-somos","status":"publish","type":"page","link":"https:\/\/contratatusector.com\/?page_id=153","title":{"rendered":"Quienes somos"},"content":{"rendered":"\n<h2 class=\"wp-block-heading has-text-align-center has-body-font-family has-x-large-font-size\" style=\"font-style:normal;font-weight:700\">QUI\u00c9NES SOMOS<\/h2>\n\n\n\n<p style=\"font-size:clamp(14px, 0.875rem + ((1vw - 3.2px) * 0.625), 20px);\"><br>Aqu\u00ed te presentamos qui\u00e9nes somos y nuestro compromiso en facilitar el camino hacia el \u00e9xito profesional tanto de estudiantes, y emplead@s, como de las empresas.<\/p>\n\n\n\n<div class=\"wp-block-group has-border-color has-base-2-background-color has-background is-layout-flow wp-block-group-is-layout-flow\" style=\"border-color:#f9f9f9;border-width:1px;border-radius:25px;padding-top:var(--wp--preset--spacing--20);padding-right:var(--wp--preset--spacing--20);padding-bottom:var(--wp--preset--spacing--20);padding-left:var(--wp--preset--spacing--20)\">\n<h2 class=\"wp-block-heading has-body-font-family has-medium-font-size\">Qui\u00e9nes Somos: Descubre Nuestra Historia:<\/h2>\n\n\n\n<p class=\"has-mulish-font-family has-medium-font-size\">Contratatusector.com es un nuevo proyecto nacido despu\u00e9s de largos a\u00f1os al servicio de las personas, profesionales y empresas.<\/p>\n\n\n\n<p class=\"has-mulish-font-family has-medium-font-size\">Contratatusector.com, es una plataforma dedicada a impulsar la carrera profesional de todas aquellas personas con nuevas aspiraciones, y conectarlas con oportunidades laborales ambiciosas y significativas.<\/p>\n\n\n\n<p class=\"has-mulish-font-family has-medium-font-size\">Desde nuestra empresa, estamos comprometidos con la idea de que cada profesional merece la oportunidad de crecer y prosperar en su carrera. Iniciamos este proyecto con la convicci\u00f3n de que la b\u00fasqueda de empleo ser\u00e1 un camino emocionante hacia nuevas posibilidades.<\/p>\n\n\n\n<p class=\"has-mulish-font-family has-medium-font-size\">A lo largo de los a\u00f1os, hemos evolucionado y crecido junto a nuestros usuarios, adapt\u00e1ndonos a las cambiantes din\u00e1micas del mercado laboral y mejorando constantemente nuestra plataforma para satisfacer tus necesidades.<\/p>\n\n\n\n<p class=\"has-mulish-font-family has-medium-font-size\">Los cambios constantes de las din\u00e1micas del mercado laboral ha sido la semilla que ha impulsado este nuevo reto facilitando tanto a empresas como a candidat@s a una conexi\u00f3n real, fiable y de \u00e9xito asegurado.<\/p>\n<\/div>\n\n\n\n<div class=\"wp-block-group has-border-color has-base-2-background-color has-background is-layout-flow wp-block-group-is-layout-flow\" style=\"border-color:#f9f9f9;border-width:1px;border-radius:25px;padding-top:var(--wp--preset--spacing--20);padding-right:var(--wp--preset--spacing--20);padding-bottom:var(--wp--preset--spacing--20);padding-left:var(--wp--preset--spacing--20)\">\n<h2 class=\"wp-block-heading has-body-font-family has-medium-font-size\">Nuestra Misi\u00f3n:<\/h2>\n\n\n\n<p class=\"has-mulish-font-family has-medium-font-size\">Nuestra misi\u00f3n es ser el puente que conecta a profesionales, estudiantes y candidat@s, con empresas que valoran la excelencia y buscan el talento excepcional. Nos esforzamos por brindarte una experiencia \u00fanica y personalizada en tu b\u00fasqueda de empleo.<\/p>\n<\/div>\n\n\n\n<div class=\"wp-block-group has-border-color has-base-2-background-color has-background is-layout-flow wp-block-group-is-layout-flow\" style=\"border-color:#f9f9f9;border-width:1px;border-radius:25px;padding-top:var(--wp--preset--spacing--20);padding-right:var(--wp--preset--spacing--20);padding-bottom:var(--wp--preset--spacing--20);padding-left:var(--wp--preset--spacing--20)\">\n<h2 class=\"wp-block-heading has-body-font-family has-medium-font-size\">Nuestros Valores:<\/h2>\n\n\n\n<p class=\"has-mulish-font-family has-medium-font-size\">Transparencia: Creemos en la transparencia como base de una relaci\u00f3n s\u00f3lida entre candidat@s y empresas. Te proporcionamos informaci\u00f3n clara y honesta sobre oportunidades laborales para que tomes decisiones informadas.<\/p>\n<\/div>\n\n\n\n<div class=\"wp-block-group has-border-color has-base-2-background-color has-background is-layout-flow wp-block-group-is-layout-flow\" style=\"border-color:#f9f9f9;border-width:1px;border-radius:25px;padding-top:var(--wp--preset--spacing--20);padding-right:var(--wp--preset--spacing--20);padding-bottom:var(--wp--preset--spacing--20);padding-left:var(--wp--preset--spacing--20)\">\n<h2 class=\"wp-block-heading has-body-font-family has-medium-font-size\">Inclusividad:<\/h2>\n\n\n\n<p class=\"has-mulish-font-family has-medium-font-size\">Valoramos la diversidad y la inclusi\u00f3n. En Contratatusector.com, creemos que las empresas y los candidatos se benefician enormemente al aprovechar la riqueza deperspectivas y experiencias diversas.<\/p>\n<\/div>\n\n\n\n<div class=\"wp-block-group has-border-color has-base-2-background-color has-background is-layout-flow wp-block-group-is-layout-flow\" style=\"border-color:#f9f9f9;border-width:1px;border-radius:25px;padding-top:var(--wp--preset--spacing--20);padding-right:var(--wp--preset--spacing--20);padding-bottom:var(--wp--preset--spacing--20);padding-left:var(--wp--preset--spacing--20)\">\n<h2 class=\"wp-block-heading has-body-font-family has-medium-font-size\">Desarrollo Profesional:<\/h2>\n\n\n\n<p class=\"has-mulish-font-family has-medium-font-size\">Nos comprometemos a ser tu aliado en el desarrollo de tu carrera. Ofrecemos recursos educativos, orientaci\u00f3n profesional y herramientas para que alcances tusmetas laborales.<\/p>\n\n\n\n<p class=\"has-mulish-font-family has-medium-font-size\">Queremos ofrecer una conexi\u00f3n entre estudiantes y empresas ofreciendo nuevas oportunidades y acercamiento al mundo laboral real de los alumn@s. Con el objetivode obtener nuevas competencias y transformar los resultados de los aprendizajes.&nbsp;<\/p>\n<\/div>\n\n\n\n<div class=\"wp-block-group has-border-color has-base-2-background-color has-background is-layout-flow wp-block-group-is-layout-flow\" style=\"border-color:#f9f9f9;border-width:1px;border-radius:25px;padding-top:var(--wp--preset--spacing--20);padding-right:var(--wp--preset--spacing--20);padding-bottom:var(--wp--preset--spacing--20);padding-left:var(--wp--preset--spacing--20)\">\n<h2 class=\"wp-block-heading has-body-font-family has-medium-font-size\">Innovaci\u00f3n:<\/h2>\n\n\n\n<p class=\"has-mulish-font-family has-medium-font-size\">Estamos constantemente explorando nuevas formas de mejorar y simplificar tu experiencia en la b\u00fasqueda de empleo, por eso, hemos creado una plataforma intuitiva y visual que hace que buscar al candidat@ ideal, o encontrar el trabajo deseado, seaf\u00e1cil y r\u00e1pido.<\/p>\n\n\n\n<p class=\"has-mulish-font-family has-medium-font-size\">La innovaci\u00f3n es parte integral de nuestro compromiso contigo.<\/p>\n<\/div>\n\n\n\n<div class=\"wp-block-group has-border-color has-base-2-background-color has-background is-layout-flow wp-block-group-is-layout-flow\" style=\"border-color:#f9f9f9;border-width:1px;border-radius:25px;padding-top:var(--wp--preset--spacing--20);padding-right:var(--wp--preset--spacing--20);padding-bottom:var(--wp--preset--spacing--20);padding-left:var(--wp--preset--spacing--20)\">\n<h2 class=\"wp-block-heading has-body-font-family has-medium-font-size\">\u00c9tica:<\/h2>\n\n\n\n<p class=\"has-mulish-font-family has-medium-font-size\">Actuamos con integridad en todas nuestras interacciones. Nos esforzamos por crear un entorno \u00e9tico y de confianza para que construyas tu carrera con tranquilidad.<\/p>\n<\/div>\n\n\n\n<div class=\"wp-block-group has-border-color has-base-2-background-color has-background is-layout-flow wp-block-group-is-layout-flow\" style=\"border-color:#f9f9f9;border-width:1px;border-radius:25px;padding-top:var(--wp--preset--spacing--20);padding-right:var(--wp--preset--spacing--20);padding-bottom:var(--wp--preset--spacing--20);padding-left:var(--wp--preset--spacing--20)\">\n<h2 class=\"wp-block-heading has-body-font-family has-medium-font-size\">El Equipo:<\/h2>\n\n\n\n<p class=\"has-mulish-font-family has-medium-font-size\">Detr\u00e1s de Contratatusector.com hay un equipo apasionado y dedicado que trabaja incansablemente para hacer que tu experiencia sea excepcional. Nosotroscomprendemos los desaf\u00edos de la b\u00fasqueda de empleo y estamos aqu\u00ed para apoyarteen cada paso del camino.<\/p>\n\n\n\n<p class=\"has-mulish-font-family has-medium-font-size\">Gracias por ser parte de nuestra colectividad. En Contratatusector.com, estamos emocionados de ser parte de tu crecimiento profesional y de ayudarte a alcanzar tusobjetivos laborales. \u00a1Descubre un futuro lleno de posibilidades con nosotros!<\/p>\n<\/div>\n","protected":false},"excerpt":{"rendered":"<p>QUI\u00c9NES SOMOS Aqu\u00ed te presentamos qui\u00e9nes somos y nuestro compromiso en facilitar el camino hacia el \u00e9xito profesional tanto de estudiantes, y emplead@s, como de las empresas. Qui\u00e9nes Somos: Descubre Nuestra Historia: Contratatusector.com es un nuevo proyecto nacido despu\u00e9s de largos a\u00f1os al servicio de las personas, profesionales y empresas. Contratatusector.com, es una plataforma dedicada [&hellip;]<\/p>\n","protected":false},"author":1,"featured_media":0,"parent":0,"menu_order":0,"comment_status":"closed","ping_status":"open","template":"","meta":{"_joinchat":[],"footnotes":""},"class_list":["post-153","page","type-page","status-publish","hentry"],"_links":{"self":[{"href":"https:\/\/contratatusector.com\/index.php?rest_route=\/wp\/v2\/pages\/153","targetHints":{"allow":["GET"]}}],"collection":[{"href":"https:\/\/contratatusector.com\/index.php?rest_route=\/wp\/v2\/pages"}],"about":[{"href":"https:\/\/contratatusector.com\/index.php?rest_route=\/wp\/v2\/types\/page"}],"author":[{"embeddable":true,"href":"https:\/\/contratatusector.com\/index.php?rest_route=\/wp\/v2\/users\/1"}],"replies":[{"embeddable":true,"href":"https:\/\/contratatusector.com\/index.php?rest_route=%2Fwp%2Fv2%2Fcomments&post=153"}],"version-history":[{"count":12,"href":"https:\/\/contratatusector.com\/index.php?rest_route=\/wp\/v2\/pages\/153\/revisions"}],"predecessor-version":[{"id":217,"href":"https:\/\/contratatusector.com\/index.php?rest_route=\/wp\/v2\/pages\/153\/revisions\/217"}],"wp:attachment":[{"href":"https:\/\/contratatusector.com\/index.php?rest_route=%2Fwp%2Fv2%2Fmedia&parent=153"}],"curies":[{"name":"wp","href":"https:\/\/api.w.org\/{rel}","templated":true}]}}