{"id":437,"date":"2025-02-19T18:39:04","date_gmt":"2025-02-19T18:39:04","guid":{"rendered":"https:\/\/contratatusector.com\/?page_id=437"},"modified":"2025-02-19T18:39:04","modified_gmt":"2025-02-19T18:39:04","slug":"te-ayudamos-a-registrarte","status":"publish","type":"page","link":"https:\/\/contratatusector.com\/?page_id=437","title":{"rendered":"Te ayudamos a registrarte"},"content":{"rendered":"\n<div style=\"height:22px\" aria-hidden=\"true\" class=\"wp-block-spacer\"><\/div>\n\n\n\n<div class=\"wp-block-columns is-layout-flex wp-container-core-columns-is-layout-28f84493 wp-block-columns-is-layout-flex\">\n<div class=\"wp-block-column is-layout-flow wp-block-column-is-layout-flow\" style=\"flex-basis:75%\"><div class=\"wpforms-container wpforms-container-full wpforms-block wpforms-block-70529fd0-af90-42fd-a90c-c2eb3df4b35d wpforms-render-modern\" id=\"wpforms-434\"><form id=\"wpforms-form-434\" class=\"wpforms-validate wpforms-form wpforms-ajax-form\" data-formid=\"434\" method=\"post\" enctype=\"multipart\/form-data\" action=\"\/index.php?rest_route=%2Fwp%2Fv2%2Fpages%2F437&#038;wpforms_form_id=434\" data-token=\"a5edddacf7216dce8fd973f5db49e66a\" data-token-time=\"1776292532\"><noscript class=\"wpforms-error-noscript\">Por favor, activa JavaScript en tu navegador para completar este formulario.<\/noscript><div class=\"wpforms-hidden\" id=\"wpforms-error-noscript\">Por favor, activa JavaScript en tu navegador para completar este formulario.<\/div><div class=\"wpforms-field-container\"><div id=\"wpforms-434-field_1-container\" class=\"wpforms-field wpforms-field-name\" data-field-id=\"1\"><label class=\"wpforms-field-label\" for=\"wpforms-434-field_1\">Su nombre <span class=\"wpforms-required-label\" aria-hidden=\"true\">*<\/span><\/label><input type=\"text\" id=\"wpforms-434-field_1\" class=\"wpforms-field-medium wpforms-field-required\" name=\"wpforms[fields][1]\" aria-errormessage=\"wpforms-434-field_1-error\" required><\/div><div id=\"wpforms-434-field_2-container\" class=\"wpforms-field wpforms-field-email\" data-field-id=\"2\"><label class=\"wpforms-field-label\" for=\"wpforms-434-field_2\">Su e-mail <span class=\"wpforms-required-label\" aria-hidden=\"true\">*<\/span><\/label><input type=\"email\" id=\"wpforms-434-field_2\" class=\"wpforms-field-medium wpforms-field-required\" name=\"wpforms[fields][2]\" spellcheck=\"false\" aria-errormessage=\"wpforms-434-field_2-error\" required><\/div><div id=\"wpforms-434-field_5-container\" class=\"wpforms-field wpforms-field-text\" data-field-id=\"5\"><label class=\"wpforms-field-label\" for=\"wpforms-434-field_5\">Tel\u00e9fono de contacto <span class=\"wpforms-required-label\" aria-hidden=\"true\">*<\/span><\/label><input type=\"text\" id=\"wpforms-434-field_5\" class=\"wpforms-field-medium wpforms-field-required\" name=\"wpforms[fields][5]\" aria-errormessage=\"wpforms-434-field_5-error\" required><\/div><div id=\"wpforms-434-field_6-container\" class=\"wpforms-field wpforms-field-text\" data-field-id=\"6\"><label class=\"wpforms-field-label\" for=\"wpforms-434-field_6\">Ciudad y c\u00f3digo postal <span class=\"wpforms-required-label\" aria-hidden=\"true\">*<\/span><\/label><input type=\"text\" id=\"wpforms-434-field_6\" class=\"wpforms-field-medium wpforms-field-required\" name=\"wpforms[fields][6]\" aria-errormessage=\"wpforms-434-field_6-error\" required><\/div><div id=\"wpforms-434-field_4-container\" class=\"wpforms-field wpforms-field-text\" data-field-id=\"4\"><label class=\"wpforms-field-label\" for=\"wpforms-434-field_4\">\u00bfQu\u00e9 empleo\/s busca? <span class=\"wpforms-required-label\" aria-hidden=\"true\">*<\/span><\/label><input type=\"text\" id=\"wpforms-434-field_4\" class=\"wpforms-field-medium wpforms-field-required\" name=\"wpforms[fields][4]\" aria-errormessage=\"wpforms-434-field_4-error\" required><\/div><div id=\"wpforms-434-field_10-container\" class=\"wpforms-field wpforms-field-file-upload\" data-field-id=\"10\"><label class=\"wpforms-field-label\" for=\"wpforms-434-field_10\">Su CV <span class=\"wpforms-required-label\" aria-hidden=\"true\">*<\/span><\/label><div\n\t\tclass=\"wpforms-uploader\"\n\t\tdata-field-id=\"10\"\n\t\tdata-form-id=\"434\"\n\t\tdata-input-name=\"wpforms_434_10\"\n\t\tdata-extensions=\"pdf,jpg,jpeg,png\"\n\t\tdata-max-size=\"2097152\"\n\t\tdata-max-file-number=\"1\"\n\t\tdata-post-max-size=\"33554432\"\n\t\tdata-max-parallel-uploads=\"4\"\n\t\tdata-parallel-uploads=\"true\"\n\t\tdata-file-chunk-size=\"2097152\">\n\t<div class=\"dz-message\">\n\t\t<svg viewBox=\"0 0 1024 1024\" focusable=\"false\" data-icon=\"inbox\" width=\"50px\" height=\"50px\" fill=\"currentColor\" aria-hidden=\"true\">\n\t\t\t<path d=\"M885.2 446.3l-.2-.8-112.2-285.1c-5-16.1-19.9-27.2-36.8-27.2H281.2c-17 0-32.1 11.3-36.9 27.6L139.4 443l-.3.7-.2.8c-1.3 4.9-1.7 9.9-1 14.8-.1 1.6-.2 3.2-.2 4.8V830a60.9 60.9 0 0 0 60.8 60.8h627.2c33.5 0 60.8-27.3 60.9-60.8V464.1c0-1.3 0-2.6-.1-3.7.4-4.9 0-9.6-1.3-14.1zm-295.8-43l-.3 15.7c-.8 44.9-31.8 75.1-77.1 75.1-22.1 0-41.1-7.1-54.8-20.6S436 441.2 435.6 419l-.3-15.7H229.5L309 210h399.2l81.7 193.3H589.4zm-375 76.8h157.3c24.3 57.1 76 90.8 140.4 90.8 33.7 0 65-9.4 90.3-27.2 22.2-15.6 39.5-37.4 50.7-63.6h156.5V814H214.4V480.1z\"><\/path>\n\t\t<\/svg>\n\t\t<span class=\"modern-title\">Haz clic o arrastra un archivo a esta \u00e1rea para subirlo.<\/span>\n\n\t\t\t<\/div>\n<\/div>\n<input\n\t\ttype=\"text\"\n\t\tautocomplete=\"off\"\n\t\treadonly\n\t\tclass=\"dropzone-input\"\n\t\tstyle=\"position:absolute!important;clip:rect(0,0,0,0)!important;height:1px!important;width:1px!important;border:0!important;overflow:hidden!important;padding:0!important;margin:0!important;\"\n\t\tid=\"wpforms-434-field_10\"\n\t\tname=\"wpforms_434_10\" required\t\tvalue=\"\">\n<div id=\"wpforms-434-field_10-description\" class=\"wpforms-field-description\">Env\u00edenos su CV, puede usar un PDF o una imagen del mismo.<\/div><\/div><div id=\"wpforms-434-field_9-container\" class=\"wpforms-field wpforms-field-checkbox\" data-field-id=\"9\"><fieldset><legend class=\"wpforms-field-label\">Pol\u00edtica de privacidad <span class=\"wpforms-required-label\" aria-hidden=\"true\">*<\/span><\/legend><ul id=\"wpforms-434-field_9\" class=\"wpforms-field-required\"><li class=\"choice-1 depth-1\"><input type=\"checkbox\" id=\"wpforms-434-field_9_1\" name=\"wpforms[fields][9][]\" value=\"Leo y acepto la pol\u00edtica de privacidad\" aria-errormessage=\"wpforms-434-field_9_1-error\" aria-describedby=\"wpforms-434-field_9-description\" required ><label class=\"wpforms-field-label-inline\" for=\"wpforms-434-field_9_1\">Leo y acepto la pol\u00edtica de privacidad<\/label><\/li><\/ul><div id=\"wpforms-434-field_9-description\" class=\"wpforms-field-description\">CPM3 SOFT S.L es el Responsable del tratamiento de los datos personales del usuario y le informa de que estos datos se tratar\u00e1n de conformidad con lo dispuesto en el Reglamento (UE) 2016\/679, de 27 de abril (GDPR), y la Ley Org\u00e1nica 3\/2018, de 5 de diciembre (LOPDGDD), por lo que se le facilita la siguiente informaci\u00f3n del tratamiento: Fines y legitimaci\u00f3n del tratamiento: mantener una relaci\u00f3n comercial y el env\u00edo de comunicaciones de productos o servicios. Criterios de conservaci\u00f3n de los datos: se conservar\u00e1n durante no m\u00e1s tiempo del necesario para mantener el fin del tratamiento, se suprimir\u00e1n con medidas de seguridad adecuadas. Comunicaci\u00f3n de los datos: no se comunicar\u00e1n los datos a terceros, salvo obligaci\u00f3n legal. Derechos que asisten al usuario: derecho a retirar el consentimiento. Derecho de acceso, rectificaci\u00f3n, portabilidad y supresi\u00f3n de sus datos, y de limitaci\u00f3n u oposici\u00f3n a su tratamiento. Derecho a presentar una reclamaci\u00f3n ante la Autoridad de control (www.aepd.es) Datos de contacto del delegado de protecci\u00f3n de datos: dpd@setemcat.com, mas informaci\u00f3n sobre el tratamiento de datos en: https:\/\/contratatusector.com\/Rgpd de privacidad<\/div><\/fieldset><\/div><\/div><!-- .wpforms-field-container --><div class=\"wpforms-recaptcha-container wpforms-is-recaptcha wpforms-is-recaptcha-type-v3\" ><input type=\"hidden\" name=\"wpforms[recaptcha]\" value=\"\"><\/div><div class=\"wpforms-submit-container\" ><input type=\"hidden\" name=\"wpforms[id]\" value=\"434\"><input type=\"hidden\" name=\"page_title\" value=\"\"><input type=\"hidden\" name=\"page_url\" value=\"https:\/\/contratatusector.com\/index.php?rest_route=\/wp\/v2\/pages\/437\"><button type=\"submit\" name=\"wpforms[submit]\" id=\"wpforms-submit-434\" class=\"wpforms-submit\" data-alt-text=\"Enviando...\" data-submit-text=\"Enviar\" aria-live=\"assertive\" value=\"wpforms-submit\">Enviar<\/button><img loading=\"lazy\" decoding=\"async\" src=\"https:\/\/contratatusector.com\/wp-content\/plugins\/wpforms\/assets\/images\/submit-spin.svg\" class=\"wpforms-submit-spinner\" style=\"display: none;\" width=\"26\" height=\"26\" alt=\"Cargando\"><\/div><\/form><\/div>  <!-- .wpforms-container -->\n\n\n<p class=\"has-small-font-size\">Formulario protegido con la tecnolog\u00eda reCAPTCHA v3 de Google.<\/p>\n<\/div>\n\n\n\n<div class=\"wp-block-column is-layout-flow wp-block-column-is-layout-flow\" style=\"flex-basis:25%\">\n<h2 class=\"wp-block-heading has-body-font-family\">Informaci\u00f3n de contacto<\/h2>\n\n\n\n<p class=\"has-body-font-family\">C\/ Costa i Fornaguera, 30<br>08370 Calella \u2013 Barcelona<\/p>\n\n\n\n<p class=\"has-body-font-family\">Tel\u00e9fono:&nbsp;<a href=\"tel:+34937690448\">+34 <\/a>692 494 776<\/p>\n\n\n\n<p>Comercial: +34 682 780 489<\/p>\n\n\n\n<p class=\"has-body-font-family\">Email:&nbsp;<a href=\"mailto:admin@contratatusector.com\">admin@contratatusector.com<\/a><\/p>\n\n\n\n<p class=\"has-body-font-family\">Web:&nbsp;<a href=\"https:\/\/www.setemcat.com\/\">www.contratatusector.com<\/a><\/p>\n<\/div>\n<\/div>\n\n\n\n<p>Consulta <a href=\"https:\/\/contratatusector.com\/?page_id=199\">aqu\u00ed<\/a> la pol\u00edtica de privacidad.<\/p>\n","protected":false},"excerpt":{"rendered":"<p>Formulario protegido con la tecnolog\u00eda reCAPTCHA v3 de Google. Informaci\u00f3n de contacto C\/ Costa i Fornaguera, 3008370 Calella \u2013 Barcelona Tel\u00e9fono:&nbsp;+34 692 494 776 Comercial: +34 682 780 489 Email:&nbsp;admin@contratatusector.com Web:&nbsp;www.contratatusector.com Consulta aqu\u00ed la pol\u00edtica de privacidad.<\/p>\n","protected":false},"author":1,"featured_media":0,"parent":0,"menu_order":0,"comment_status":"closed","ping_status":"closed","template":"","meta":{"_joinchat":[],"footnotes":""},"class_list":["post-437","page","type-page","status-publish","hentry"],"_links":{"self":[{"href":"https:\/\/contratatusector.com\/index.php?rest_route=\/wp\/v2\/pages\/437","targetHints":{"allow":["GET"]}}],"collection":[{"href":"https:\/\/contratatusector.com\/index.php?rest_route=\/wp\/v2\/pages"}],"about":[{"href":"https:\/\/contratatusector.com\/index.php?rest_route=\/wp\/v2\/types\/page"}],"author":[{"embeddable":true,"href":"https:\/\/contratatusector.com\/index.php?rest_route=\/wp\/v2\/users\/1"}],"replies":[{"embeddable":true,"href":"https:\/\/contratatusector.com\/index.php?rest_route=%2Fwp%2Fv2%2Fcomments&post=437"}],"version-history":[{"count":2,"href":"https:\/\/contratatusector.com\/index.php?rest_route=\/wp\/v2\/pages\/437\/revisions"}],"predecessor-version":[{"id":439,"href":"https:\/\/contratatusector.com\/index.php?rest_route=\/wp\/v2\/pages\/437\/revisions\/439"}],"wp:attachment":[{"href":"https:\/\/contratatusector.com\/index.php?rest_route=%2Fwp%2Fv2%2Fmedia&parent=437"}],"curies":[{"name":"wp","href":"https:\/\/api.w.org\/{rel}","templated":true}]}}